{"id":317,"date":"2023-12-12T19:47:05","date_gmt":"2023-12-12T18:47:05","guid":{"rendered":"http:\/\/drharichane.com\/?page_id=317"},"modified":"2024-11-09T22:08:33","modified_gmt":"2024-11-09T21:08:33","slug":"traitements","status":"publish","type":"page","link":"https:\/\/drharichane.com\/?page_id=317","title":{"rendered":"Traitements"},"content":{"rendered":"\n\n\n<figure class=\"wp-block-image size-large is-style-default\"><img loading=\"lazy\" decoding=\"async\" width=\"1024\" height=\"288\" src=\"https:\/\/drharichane.com\/wp-content\/uploads\/2024\/05\/avant-apres-eclaircissement.drharichane-1-1024x288.jpeg\" alt=\"\" class=\"wp-image-418\" style=\"object-fit:cover\" srcset=\"https:\/\/drharichane.com\/wp-content\/uploads\/2024\/05\/avant-apres-eclaircissement.drharichane-1-1024x288.jpeg 1024w, https:\/\/drharichane.com\/wp-content\/uploads\/2024\/05\/avant-apres-eclaircissement.drharichane-1-300x84.jpeg 300w, https:\/\/drharichane.com\/wp-content\/uploads\/2024\/05\/avant-apres-eclaircissement.drharichane-1-768x216.jpeg 768w, https:\/\/drharichane.com\/wp-content\/uploads\/2024\/05\/avant-apres-eclaircissement.drharichane-1-1536x432.jpeg 1536w, https:\/\/drharichane.com\/wp-content\/uploads\/2024\/05\/avant-apres-eclaircissement.drharichane-1.jpeg 1920w\" sizes=\"auto, (max-width: 1024px) 100vw, 1024px\" \/><\/figure>\n\n\n\n<p><span style=\"text-decoration: underline;\">Traitement :<\/span> \u00c9claircissement dentaire<\/p>\n\n\n\n<p><span style=\"text-decoration: underline;\">S\u00e9ances :<\/span> 3<\/p>\n\n\n\n<p><span style=\"text-decoration: underline;\">R\u00e9sultats :<\/span> Variables d&#8217;un individu \u00e0 l&#8217;autre<\/p>\n\n\n\n<p><span style=\"text-decoration: underline;\">Douleurs :<\/span> Non<\/p>\n\n\n\n<p><span style=\"text-decoration: underline;\">Anesth\u00e9sie :<\/span> Inutile<\/p>\n\n\n\n<p><\/p>\n\n\n\n<p><strong>Docteur, j&#8217;ai des plombages gris !<\/strong><\/p>\n\n\n\n<figure class=\"wp-block-image size-large\"><img loading=\"lazy\" decoding=\"async\" width=\"1024\" height=\"288\" src=\"https:\/\/drharichane.com\/wp-content\/uploads\/2024\/05\/avant-apres-onlay.drharichane-1024x288.jpeg\" alt=\"\" class=\"wp-image-420\" srcset=\"https:\/\/drharichane.com\/wp-content\/uploads\/2024\/05\/avant-apres-onlay.drharichane-1024x288.jpeg 1024w, https:\/\/drharichane.com\/wp-content\/uploads\/2024\/05\/avant-apres-onlay.drharichane-300x84.jpeg 300w, https:\/\/drharichane.com\/wp-content\/uploads\/2024\/05\/avant-apres-onlay.drharichane-768x216.jpeg 768w, https:\/\/drharichane.com\/wp-content\/uploads\/2024\/05\/avant-apres-onlay.drharichane-1536x432.jpeg 1536w, https:\/\/drharichane.com\/wp-content\/uploads\/2024\/05\/avant-apres-onlay.drharichane.jpeg 1920w\" sizes=\"auto, (max-width: 1024px) 100vw, 1024px\" \/><\/figure>\n\n\n\n<p><span style=\"text-decoration: underline;\">Traitement :<\/span> Restauration en r\u00e9sine composite ou en c\u00e9ramique<\/p>\n\n\n\n<p><span style=\"text-decoration: underline;\">S\u00e9ances :<\/span> 2<\/p>\n\n\n\n<p><span style=\"text-decoration: underline;\">R\u00e9sultats :<\/span> Pr\u00e9visibles<\/p>\n\n\n\n<p><span style=\"text-decoration: underline;\">Douleurs :<\/span> Non<\/p>\n\n\n\n<p><span style=\"text-decoration: underline;\">Anesth\u00e9sie :<\/span> Lors de la premi\u00e8re s\u00e9ance<\/p>\n\n\n\n<p><\/p>\n\n\n\n\n\n<p><strong>Docteur, il me manque une dent !<\/strong><\/p>\n\n\n\n<figure class=\"wp-block-image size-large\"><img loading=\"lazy\" decoding=\"async\" width=\"1024\" height=\"288\" src=\"https:\/\/drharichane.com\/wp-content\/uploads\/2024\/05\/avant-apres-implant.drharichane-1024x288.jpeg\" alt=\"\" class=\"wp-image-421\" srcset=\"https:\/\/drharichane.com\/wp-content\/uploads\/2024\/05\/avant-apres-implant.drharichane-1024x288.jpeg 1024w, https:\/\/drharichane.com\/wp-content\/uploads\/2024\/05\/avant-apres-implant.drharichane-300x84.jpeg 300w, https:\/\/drharichane.com\/wp-content\/uploads\/2024\/05\/avant-apres-implant.drharichane-768x216.jpeg 768w, https:\/\/drharichane.com\/wp-content\/uploads\/2024\/05\/avant-apres-implant.drharichane-1536x432.jpeg 1536w, https:\/\/drharichane.com\/wp-content\/uploads\/2024\/05\/avant-apres-implant.drharichane.jpeg 1920w\" sizes=\"auto, (max-width: 1024px) 100vw, 1024px\" \/><\/figure>\n\n\n\n<p><span style=\"text-decoration: underline;\">Traitement :<\/span> Implant dentaire<\/p>\n\n\n\n<p><span style=\"text-decoration: underline;\">S\u00e9ances :<\/span> Au moins 3<\/p>\n\n\n\n<p><span style=\"text-decoration: underline;\">R\u00e9sultats :<\/span> Pr\u00e9visibles<\/p>\n\n\n\n<p><span style=\"text-decoration: underline;\">Douleurs :<\/span> Non<\/p>\n\n\n\n<p><span style=\"text-decoration: underline;\">Anesth\u00e9sie :<\/span> Lors de la pose<\/p>\n\n\n\n<p><\/p>\n\n\n\n\n\n<p><strong>Docteur, j&#8217;ai les dents cass\u00e9es !<\/strong><\/p>\n\n\n\n<figure class=\"wp-block-image size-large\"><img loading=\"lazy\" decoding=\"async\" width=\"1024\" height=\"288\" src=\"https:\/\/drharichane.com\/wp-content\/uploads\/2024\/05\/avant-apres-couronne.drharichane-1024x288.jpeg\" alt=\"\" class=\"wp-image-422\" srcset=\"https:\/\/drharichane.com\/wp-content\/uploads\/2024\/05\/avant-apres-couronne.drharichane-1024x288.jpeg 1024w, https:\/\/drharichane.com\/wp-content\/uploads\/2024\/05\/avant-apres-couronne.drharichane-300x84.jpeg 300w, https:\/\/drharichane.com\/wp-content\/uploads\/2024\/05\/avant-apres-couronne.drharichane-768x216.jpeg 768w, https:\/\/drharichane.com\/wp-content\/uploads\/2024\/05\/avant-apres-couronne.drharichane-1536x432.jpeg 1536w, https:\/\/drharichane.com\/wp-content\/uploads\/2024\/05\/avant-apres-couronne.drharichane.jpeg 1920w\" sizes=\"auto, (max-width: 1024px) 100vw, 1024px\" \/><\/figure>\n\n\n\n<p><span style=\"text-decoration: underline;\">Traitement :<\/span> Couronne<\/p>\n\n\n\n<p><span style=\"text-decoration: underline;\">S\u00e9ances :<\/span> 2<\/p>\n\n\n\n<p><span style=\"text-decoration: underline;\">R\u00e9sultats :<\/span> Pr\u00e9visibles<\/p>\n\n\n\n<p><span style=\"text-decoration: underline;\">Douleurs :<\/span> Non<\/p>\n\n\n\n<p><span style=\"text-decoration: underline;\">Anesth\u00e9sie :<\/span> Lors de la premi\u00e8re s\u00e9ance<\/p>\n\n\n\n<p><\/p>\n\n\n\n\n\n<p class=\"has-kubio-color-2-color has-text-color\"><a href=\"https:\/\/drharichane.com\/?page_id=175\"><mark style=\"background-color:rgba(0, 0, 0, 0)\" class=\"has-inline-color has-kubio-color-2-color\">Formulaire de contact<\/mark><\/a><\/p>\n","protected":false},"excerpt":{"rendered":"<p>Traitement : \u00c9claircissement dentaire S\u00e9ances : 3 R\u00e9sultats : Variables d&#8217;un individu \u00e0 l&#8217;autre Douleurs : Non Anesth\u00e9sie : Inutile Docteur, j&#8217;ai des plombages gris ! Traitement : Restauration en r\u00e9sine composite ou en c\u00e9ramique S\u00e9ances : 2 R\u00e9sultats : Pr\u00e9visibles Douleurs : Non Anesth\u00e9sie : Lors de la premi\u00e8re s\u00e9ance Docteur, il me manque [&hellip;]<\/p>\n","protected":false},"author":1,"featured_media":0,"parent":0,"menu_order":0,"comment_status":"closed","ping_status":"closed","template":"","meta":{"saved_in_kubio":true,"footnotes":""},"class_list":["post-317","page","type-page","status-publish","hentry"],"kubio_ai_page_context":{"short_desc":"","purpose":"general"},"_links":{"self":[{"href":"https:\/\/drharichane.com\/index.php?rest_route=\/wp\/v2\/pages\/317","targetHints":{"allow":["GET"]}}],"collection":[{"href":"https:\/\/drharichane.com\/index.php?rest_route=\/wp\/v2\/pages"}],"about":[{"href":"https:\/\/drharichane.com\/index.php?rest_route=\/wp\/v2\/types\/page"}],"author":[{"embeddable":true,"href":"https:\/\/drharichane.com\/index.php?rest_route=\/wp\/v2\/users\/1"}],"replies":[{"embeddable":true,"href":"https:\/\/drharichane.com\/index.php?rest_route=%2Fwp%2Fv2%2Fcomments&post=317"}],"version-history":[{"count":18,"href":"https:\/\/drharichane.com\/index.php?rest_route=\/wp\/v2\/pages\/317\/revisions"}],"predecessor-version":[{"id":528,"href":"https:\/\/drharichane.com\/index.php?rest_route=\/wp\/v2\/pages\/317\/revisions\/528"}],"wp:attachment":[{"href":"https:\/\/drharichane.com\/index.php?rest_route=%2Fwp%2Fv2%2Fmedia&parent=317"}],"curies":[{"name":"wp","href":"https:\/\/api.w.org\/{rel}","templated":true}]}}