{"id":169,"date":"2023-06-25T11:50:24","date_gmt":"2023-06-25T09:50:24","guid":{"rendered":"http:\/\/drharichane.com\/?page_id=169"},"modified":"2023-06-25T11:50:24","modified_gmt":"2023-06-25T09:50:24","slug":"formation-continue","status":"publish","type":"page","link":"https:\/\/drharichane.com\/?page_id=169","title":{"rendered":"Formation continue"},"content":{"rendered":"\n<p>Le Dr Yassine HARICHANE est engag\u00e9 dans la formation continue. Il anime des conf\u00e9rences et des travaux pratiques o\u00f9 il combine p\u00e9dagogie et technologie. Vous pouvez vous former avec lui sur le site : <a href=\"https:\/\/d3dconferences.com\" target=\"_blank\" rel=\"noreferrer noopener\">www.D3Dconferences.com<\/a> <\/p>\n","protected":false},"excerpt":{"rendered":"<p>Le Dr Yassine HARICHANE est engag\u00e9 dans la formation continue. Il anime des conf\u00e9rences et des travaux pratiques o\u00f9 il combine p\u00e9dagogie et technologie. Vous pouvez vous former avec lui sur le site : www.D3Dconferences.com<\/p>\n","protected":false},"author":1,"featured_media":0,"parent":0,"menu_order":0,"comment_status":"closed","ping_status":"closed","template":"","meta":{"saved_in_kubio":false,"footnotes":""},"class_list":["post-169","page","type-page","status-publish","hentry"],"kubio_ai_page_context":{"short_desc":"","purpose":"general"},"_links":{"self":[{"href":"https:\/\/drharichane.com\/index.php?rest_route=\/wp\/v2\/pages\/169","targetHints":{"allow":["GET"]}}],"collection":[{"href":"https:\/\/drharichane.com\/index.php?rest_route=\/wp\/v2\/pages"}],"about":[{"href":"https:\/\/drharichane.com\/index.php?rest_route=\/wp\/v2\/types\/page"}],"author":[{"embeddable":true,"href":"https:\/\/drharichane.com\/index.php?rest_route=\/wp\/v2\/users\/1"}],"replies":[{"embeddable":true,"href":"https:\/\/drharichane.com\/index.php?rest_route=%2Fwp%2Fv2%2Fcomments&post=169"}],"version-history":[{"count":1,"href":"https:\/\/drharichane.com\/index.php?rest_route=\/wp\/v2\/pages\/169\/revisions"}],"predecessor-version":[{"id":170,"href":"https:\/\/drharichane.com\/index.php?rest_route=\/wp\/v2\/pages\/169\/revisions\/170"}],"wp:attachment":[{"href":"https:\/\/drharichane.com\/index.php?rest_route=%2Fwp%2Fv2%2Fmedia&parent=169"}],"curies":[{"name":"wp","href":"https:\/\/api.w.org\/{rel}","templated":true}]}}