{"id":126,"date":"2023-05-18T13:10:13","date_gmt":"2023-05-18T11:10:13","guid":{"rendered":"http:\/\/drharichane.com\/?page_id=126"},"modified":"2023-10-18T16:56:49","modified_gmt":"2023-10-18T14:56:49","slug":"biographie","status":"publish","type":"page","link":"https:\/\/drharichane.com\/?page_id=126","title":{"rendered":"Biographie"},"content":{"rendered":"\n<h2 class=\"wp-block-heading\"><mark style=\"background-color:rgba(0, 0, 0, 0);color:#006290\" class=\"has-inline-color\"><em>Dr Yassine HARICHANE, DDS MSc PhD<\/em><\/mark><\/h2>\n\n\n\n<p><\/p>\n\n\n\n<p class=\"has-kubio-color-2-color has-text-color\"><strong><mark style=\"background-color:rgba(0, 0, 0, 0)\" class=\"has-inline-color has-kubio-color-2-color\">FORMATION<\/mark><\/strong><\/p>\n\n\n\n<p>Le Dr Yassine HARICHANE est chirurgien dentiste (DDS) dipl\u00f4m\u00e9 de l&#8217;Universit\u00e9 Paris Descartes. En parall\u00e8le, il a suivi un parcours scientifique et a obtenu une Maitrise en Sciences Biologiques et M\u00e9dicales (MSBM) puis un Master 2 (MSc) et enfin un Doctorat (PhD). En formation continue, le Dr HARICHANE a d\u00e9croch\u00e9 plusieurs Dipl\u00f4mes Universitaires et suivi de nombreuses formations.<\/p>\n\n\n\n<p class=\"has-kubio-color-2-color has-text-color\"><strong><mark style=\"background-color:rgba(0, 0, 0, 0)\" class=\"has-inline-color has-kubio-color-2-color\">COMP\u00c9TENCES<\/mark><\/strong><\/p>\n\n\n\n<p>Le Dr Yassine HARICHANE est omnipraticien avec une pr\u00e9f\u00e9rence pour la cosm\u00e9tique dentaire et la dentisterie digitale. Il propose des prises en charge globales en mettant l&#8217;acc\u00e8s sur la qualit\u00e9 et la rigueur, mais son coeur de m\u00e9tier reste la relation humaine avec les patients. Le Dr HARICHANE s&#8217;entoure de correspondants qualifi\u00e9s et de sp\u00e9cialistes pour compl\u00e9ter l&#8217;offre de soin.<\/p>\n\n\n\n<p class=\"has-kubio-color-2-color has-text-color\"><strong>CR<mark style=\"background-color:rgba(0, 0, 0, 0)\" class=\"has-inline-color has-kubio-color-2-color\">\u00c9<\/mark>ATION ARTISTIQUE<\/strong><\/p>\n\n\n\n<p>Le Dr Yassine HARICHANE poss\u00e8de un tropisme pour l&#8217;\u00e9criture, la photographie et la vid\u00e9ographie . Il est l&#8217;auteur de plusieurs articles et d&#8217;un livre pour le grand public. Il poss\u00e8de un portfolio dentaire en macro-photographie et en portrait. Enfin, il a \u00e9galement produit et r\u00e9alis\u00e9 des formations dentaires sous forme de films. <\/p>\n\n\n\n<p class=\"has-kubio-color-2-color has-text-color\"><strong>EXPERTISE<\/strong><\/p>\n\n\n\n<p>Le Dr Yassine HARICHANE d\u00e9tient un dipl\u00f4me et des comp\u00e9tences en r\u00e9paration juridique du dommage corporel. Son affinit\u00e9 pour le droit m\u00e9dical lui permet de d\u00e9fendre les causes justes en se basant sur la l\u00e9gislation fran\u00e7aise en vigueur et la jurisprudence. Il propose ses services de conseil pour les professionnels de sant\u00e9 et les patients lorsque la justice doit \u00eatre rendue.<\/p>\n\n\n\n<p class=\"has-kubio-color-2-color has-text-color\"><strong>FORMATION CONTINUE<\/strong><\/p>\n\n\n\n<p>Le Dr Yassine HARICHANE appr\u00e9cie particuli\u00e8rement la p\u00e9dagogie. Il offre ses comp\u00e9tences aussi bien dans le milieu public que dans le priv\u00e9. Apr\u00e8s avoir \u00e9t\u00e9 Assistant Hospitalo-Universitaire et Attach\u00e9 Hospitalier, le Dr HARICHANE est devenu conf\u00e9rencier national puis international. Il anime des travaux pratiques o\u00f9 l&#8217;objectif est de permettre au participant d&#8217;acqu\u00e9rir rapidement des comp\u00e9tences techniques. Il donne aussi des conf\u00e9rences d&#8217;un genre nouveau : des films projet\u00e9s sur grand \u00e9cran au cin\u00e9ma o\u00f9 l&#8217;immersion des participants est totale.<\/p>\n","protected":false},"excerpt":{"rendered":"<p>Dr Yassine HARICHANE, DDS MSc PhD FORMATION Le Dr Yassine HARICHANE est chirurgien dentiste (DDS) dipl\u00f4m\u00e9 de l&#8217;Universit\u00e9 Paris Descartes. En parall\u00e8le, il a suivi un parcours scientifique et a obtenu une Maitrise en Sciences Biologiques et M\u00e9dicales (MSBM) puis un Master 2 (MSc) et enfin un Doctorat (PhD). En formation continue, le Dr HARICHANE [&hellip;]<\/p>\n","protected":false},"author":1,"featured_media":0,"parent":0,"menu_order":0,"comment_status":"closed","ping_status":"closed","template":"","meta":{"saved_in_kubio":false,"footnotes":""},"class_list":["post-126","page","type-page","status-publish","hentry"],"kubio_ai_page_context":{"short_desc":"","purpose":"general"},"_links":{"self":[{"href":"https:\/\/drharichane.com\/index.php?rest_route=\/wp\/v2\/pages\/126","targetHints":{"allow":["GET"]}}],"collection":[{"href":"https:\/\/drharichane.com\/index.php?rest_route=\/wp\/v2\/pages"}],"about":[{"href":"https:\/\/drharichane.com\/index.php?rest_route=\/wp\/v2\/types\/page"}],"author":[{"embeddable":true,"href":"https:\/\/drharichane.com\/index.php?rest_route=\/wp\/v2\/users\/1"}],"replies":[{"embeddable":true,"href":"https:\/\/drharichane.com\/index.php?rest_route=%2Fwp%2Fv2%2Fcomments&post=126"}],"version-history":[{"count":8,"href":"https:\/\/drharichane.com\/index.php?rest_route=\/wp\/v2\/pages\/126\/revisions"}],"predecessor-version":[{"id":284,"href":"https:\/\/drharichane.com\/index.php?rest_route=\/wp\/v2\/pages\/126\/revisions\/284"}],"wp:attachment":[{"href":"https:\/\/drharichane.com\/index.php?rest_route=%2Fwp%2Fv2%2Fmedia&parent=126"}],"curies":[{"name":"wp","href":"https:\/\/api.w.org\/{rel}","templated":true}]}}